{"id":29444,"date":"2023-02-10T18:10:54","date_gmt":"2023-02-10T18:10:54","guid":{"rendered":"https:\/\/occoprojects.com\/platform\/"},"modified":"2024-06-11T12:15:43","modified_gmt":"2024-06-11T12:15:43","slug":"plattform","status":"publish","type":"page","link":"https:\/\/occoprojects.com\/de\/plattform\/","title":{"rendered":"Plattform"},"content":{"rendered":"","protected":false},"excerpt":{"rendered":"","protected":false},"author":1,"featured_media":0,"parent":0,"menu_order":0,"comment_status":"closed","ping_status":"closed","template":"","meta":{"_acf_changed":false,"footnotes":""},"class_list":["post-29444","page","type-page","status-publish","hentry"],"acf":[],"yoast_head":"<!-- This site is optimized with the Yoast SEO plugin v27.3 - https:\/\/yoast.com\/product\/yoast-seo-wordpress\/ -->\n<title>Sch\u00f6ne Datenbl\u00e4tter schnell erstellt<\/title>\n<meta name=\"description\" content=\"Projektspezifikationssoftware f\u00fcr Innenarchitekten, die hilft, Projekte zu organisieren und Zeit zu sparen \u2013 thesheet.\" \/>\n<meta name=\"robots\" content=\"index, follow, max-snippet:-1, max-image-preview:large, max-video-preview:-1\" \/>\n<link rel=\"canonical\" href=\"https:\/\/occoprojects.com\/de\/plattform\/\" \/>\n<meta property=\"og:locale\" content=\"de_DE\" \/>\n<meta property=\"og:type\" content=\"article\" \/>\n<meta property=\"og:title\" content=\"Sch\u00f6ne Datenbl\u00e4tter schnell erstellt\" \/>\n<meta property=\"og:description\" content=\"Projektspezifikationssoftware f\u00fcr Innenarchitekten, die hilft, Projekte zu organisieren und Zeit zu sparen \u2013 thesheet.\" \/>\n<meta property=\"og:url\" content=\"https:\/\/occoprojects.com\/de\/plattform\/\" \/>\n<meta property=\"og:site_name\" content=\"OCCO\" \/>\n<meta property=\"article:modified_time\" content=\"2024-06-11T12:15:43+00:00\" \/>\n<meta name=\"twitter:card\" content=\"summary_large_image\" \/>\n<meta name=\"twitter:label1\" content=\"Est. reading time\" \/>\n\t<meta name=\"twitter:data1\" content=\"4 Minuten\" \/>\n<script type=\"application\/ld+json\" class=\"yoast-schema-graph\">{\"@context\":\"https:\\\/\\\/schema.org\",\"@graph\":[{\"@type\":\"WebPage\",\"@id\":\"https:\\\/\\\/occoprojects.com\\\/de\\\/plattform\\\/\",\"url\":\"https:\\\/\\\/occoprojects.com\\\/de\\\/plattform\\\/\",\"name\":\"Sch\u00f6ne Datenbl\u00e4tter schnell erstellt\",\"isPartOf\":{\"@id\":\"https:\\\/\\\/occoprojects.com\\\/de\\\/#website\"},\"datePublished\":\"2023-02-10T18:10:54+00:00\",\"dateModified\":\"2024-06-11T12:15:43+00:00\",\"description\":\"Projektspezifikationssoftware f\u00fcr Innenarchitekten, die hilft, Projekte zu organisieren und Zeit zu sparen \u2013 thesheet.\",\"breadcrumb\":{\"@id\":\"https:\\\/\\\/occoprojects.com\\\/de\\\/plattform\\\/#breadcrumb\"},\"inLanguage\":\"de-DE\",\"potentialAction\":[{\"@type\":\"ReadAction\",\"target\":[\"https:\\\/\\\/occoprojects.com\\\/de\\\/plattform\\\/\"]}]},{\"@type\":\"BreadcrumbList\",\"@id\":\"https:\\\/\\\/occoprojects.com\\\/de\\\/plattform\\\/#breadcrumb\",\"itemListElement\":[{\"@type\":\"ListItem\",\"position\":1,\"name\":\"Home\",\"item\":\"https:\\\/\\\/occoprojects.com\\\/de\\\/\"},{\"@type\":\"ListItem\",\"position\":2,\"name\":\"Plattform\"}]},{\"@type\":\"WebSite\",\"@id\":\"https:\\\/\\\/occoprojects.com\\\/de\\\/#website\",\"url\":\"https:\\\/\\\/occoprojects.com\\\/de\\\/\",\"name\":\"OCCO\",\"description\":\"\",\"potentialAction\":[{\"@type\":\"SearchAction\",\"target\":{\"@type\":\"EntryPoint\",\"urlTemplate\":\"https:\\\/\\\/occoprojects.com\\\/de\\\/?s={search_term_string}\"},\"query-input\":{\"@type\":\"PropertyValueSpecification\",\"valueRequired\":true,\"valueName\":\"search_term_string\"}}],\"inLanguage\":\"de-DE\"}]}<\/script>\n<!-- \/ Yoast SEO plugin. -->","yoast_head_json":{"title":"Sch\u00f6ne Datenbl\u00e4tter schnell erstellt","description":"Projektspezifikationssoftware f\u00fcr Innenarchitekten, die hilft, Projekte zu organisieren und Zeit zu sparen \u2013 thesheet.","robots":{"index":"index","follow":"follow","max-snippet":"max-snippet:-1","max-image-preview":"max-image-preview:large","max-video-preview":"max-video-preview:-1"},"canonical":"https:\/\/occoprojects.com\/de\/plattform\/","og_locale":"de_DE","og_type":"article","og_title":"Sch\u00f6ne Datenbl\u00e4tter schnell erstellt","og_description":"Projektspezifikationssoftware f\u00fcr Innenarchitekten, die hilft, Projekte zu organisieren und Zeit zu sparen \u2013 thesheet.","og_url":"https:\/\/occoprojects.com\/de\/plattform\/","og_site_name":"OCCO","article_modified_time":"2024-06-11T12:15:43+00:00","twitter_card":"summary_large_image","twitter_misc":{"Est. reading time":"4 Minuten"},"schema":{"@context":"https:\/\/schema.org","@graph":[{"@type":"WebPage","@id":"https:\/\/occoprojects.com\/de\/plattform\/","url":"https:\/\/occoprojects.com\/de\/plattform\/","name":"Sch\u00f6ne Datenbl\u00e4tter schnell erstellt","isPartOf":{"@id":"https:\/\/occoprojects.com\/de\/#website"},"datePublished":"2023-02-10T18:10:54+00:00","dateModified":"2024-06-11T12:15:43+00:00","description":"Projektspezifikationssoftware f\u00fcr Innenarchitekten, die hilft, Projekte zu organisieren und Zeit zu sparen \u2013 thesheet.","breadcrumb":{"@id":"https:\/\/occoprojects.com\/de\/plattform\/#breadcrumb"},"inLanguage":"de-DE","potentialAction":[{"@type":"ReadAction","target":["https:\/\/occoprojects.com\/de\/plattform\/"]}]},{"@type":"BreadcrumbList","@id":"https:\/\/occoprojects.com\/de\/plattform\/#breadcrumb","itemListElement":[{"@type":"ListItem","position":1,"name":"Home","item":"https:\/\/occoprojects.com\/de\/"},{"@type":"ListItem","position":2,"name":"Plattform"}]},{"@type":"WebSite","@id":"https:\/\/occoprojects.com\/de\/#website","url":"https:\/\/occoprojects.com\/de\/","name":"OCCO","description":"","potentialAction":[{"@type":"SearchAction","target":{"@type":"EntryPoint","urlTemplate":"https:\/\/occoprojects.com\/de\/?s={search_term_string}"},"query-input":{"@type":"PropertyValueSpecification","valueRequired":true,"valueName":"search_term_string"}}],"inLanguage":"de-DE"}]}},"_links":{"self":[{"href":"https:\/\/occoprojects.com\/de\/wp-json\/wp\/v2\/pages\/29444","targetHints":{"allow":["GET"]}}],"collection":[{"href":"https:\/\/occoprojects.com\/de\/wp-json\/wp\/v2\/pages"}],"about":[{"href":"https:\/\/occoprojects.com\/de\/wp-json\/wp\/v2\/types\/page"}],"author":[{"embeddable":true,"href":"https:\/\/occoprojects.com\/de\/wp-json\/wp\/v2\/users\/1"}],"replies":[{"embeddable":true,"href":"https:\/\/occoprojects.com\/de\/wp-json\/wp\/v2\/comments?post=29444"}],"version-history":[{"count":12,"href":"https:\/\/occoprojects.com\/de\/wp-json\/wp\/v2\/pages\/29444\/revisions"}],"predecessor-version":[{"id":29945,"href":"https:\/\/occoprojects.com\/de\/wp-json\/wp\/v2\/pages\/29444\/revisions\/29945"}],"wp:attachment":[{"href":"https:\/\/occoprojects.com\/de\/wp-json\/wp\/v2\/media?parent=29444"}],"curies":[{"name":"wp","href":"https:\/\/api.w.org\/{rel}","templated":true}]}}