{"id":29442,"date":"2023-02-10T18:11:16","date_gmt":"2023-02-10T18:11:16","guid":{"rendered":"https:\/\/occoprojects.com\/about\/"},"modified":"2023-06-09T12:11:29","modified_gmt":"2023-06-09T12:11:29","slug":"uber-uns","status":"publish","type":"page","link":"https:\/\/occoprojects.com\/de\/uber-uns\/","title":{"rendered":"\u00dcber uns"},"content":{"rendered":"","protected":false},"excerpt":{"rendered":"","protected":false},"author":1,"featured_media":0,"parent":0,"menu_order":0,"comment_status":"closed","ping_status":"closed","template":"","meta":{"_acf_changed":false,"footnotes":""},"class_list":["post-29442","page","type-page","status-publish","hentry"],"acf":[],"yoast_head":"<!-- This site is optimized with the Yoast SEO plugin v27.3 - https:\/\/yoast.com\/product\/yoast-seo-wordpress\/ -->\n<title>Wir statten gewerbliche Projekte smart aus<\/title>\n<meta name=\"description\" content=\"M\u00f6bel und Einrichtung, Lieferung und Installation mit ma\u00dfgeschneiderter KI-gest\u00fctzter Technologie zur Beschleunigung des Projektablaufs.\" \/>\n<meta name=\"robots\" content=\"index, follow, max-snippet:-1, max-image-preview:large, max-video-preview:-1\" \/>\n<link rel=\"canonical\" href=\"https:\/\/occoprojects.com\/de\/uber-uns\/\" \/>\n<meta property=\"og:locale\" content=\"de_DE\" \/>\n<meta property=\"og:type\" content=\"article\" \/>\n<meta property=\"og:title\" content=\"Wir statten gewerbliche Projekte smart aus\" \/>\n<meta property=\"og:description\" content=\"M\u00f6bel und Einrichtung, Lieferung und Installation mit ma\u00dfgeschneiderter KI-gest\u00fctzter Technologie zur Beschleunigung des Projektablaufs.\" \/>\n<meta property=\"og:url\" content=\"https:\/\/occoprojects.com\/de\/uber-uns\/\" \/>\n<meta property=\"og:site_name\" content=\"OCCO\" \/>\n<meta property=\"article:modified_time\" content=\"2023-06-09T12:11:29+00:00\" \/>\n<meta name=\"twitter:card\" content=\"summary_large_image\" \/>\n<script type=\"application\/ld+json\" class=\"yoast-schema-graph\">{\"@context\":\"https:\\\/\\\/schema.org\",\"@graph\":[{\"@type\":\"WebPage\",\"@id\":\"https:\\\/\\\/occoprojects.com\\\/de\\\/uber-uns\\\/\",\"url\":\"https:\\\/\\\/occoprojects.com\\\/de\\\/uber-uns\\\/\",\"name\":\"Wir statten gewerbliche Projekte smart aus\",\"isPartOf\":{\"@id\":\"https:\\\/\\\/occoprojects.com\\\/de\\\/#website\"},\"datePublished\":\"2023-02-10T18:11:16+00:00\",\"dateModified\":\"2023-06-09T12:11:29+00:00\",\"description\":\"M\u00f6bel und Einrichtung, Lieferung und Installation mit ma\u00dfgeschneiderter KI-gest\u00fctzter Technologie zur Beschleunigung des Projektablaufs.\",\"breadcrumb\":{\"@id\":\"https:\\\/\\\/occoprojects.com\\\/de\\\/uber-uns\\\/#breadcrumb\"},\"inLanguage\":\"de-DE\",\"potentialAction\":[{\"@type\":\"ReadAction\",\"target\":[\"https:\\\/\\\/occoprojects.com\\\/de\\\/uber-uns\\\/\"]}]},{\"@type\":\"BreadcrumbList\",\"@id\":\"https:\\\/\\\/occoprojects.com\\\/de\\\/uber-uns\\\/#breadcrumb\",\"itemListElement\":[{\"@type\":\"ListItem\",\"position\":1,\"name\":\"Home\",\"item\":\"https:\\\/\\\/occoprojects.com\\\/de\\\/\"},{\"@type\":\"ListItem\",\"position\":2,\"name\":\"\u00dcber uns\"}]},{\"@type\":\"WebSite\",\"@id\":\"https:\\\/\\\/occoprojects.com\\\/de\\\/#website\",\"url\":\"https:\\\/\\\/occoprojects.com\\\/de\\\/\",\"name\":\"OCCO\",\"description\":\"\",\"potentialAction\":[{\"@type\":\"SearchAction\",\"target\":{\"@type\":\"EntryPoint\",\"urlTemplate\":\"https:\\\/\\\/occoprojects.com\\\/de\\\/?s={search_term_string}\"},\"query-input\":{\"@type\":\"PropertyValueSpecification\",\"valueRequired\":true,\"valueName\":\"search_term_string\"}}],\"inLanguage\":\"de-DE\"}]}<\/script>\n<!-- \/ Yoast SEO plugin. -->","yoast_head_json":{"title":"Wir statten gewerbliche Projekte smart aus","description":"M\u00f6bel und Einrichtung, Lieferung und Installation mit ma\u00dfgeschneiderter KI-gest\u00fctzter Technologie zur Beschleunigung des Projektablaufs.","robots":{"index":"index","follow":"follow","max-snippet":"max-snippet:-1","max-image-preview":"max-image-preview:large","max-video-preview":"max-video-preview:-1"},"canonical":"https:\/\/occoprojects.com\/de\/uber-uns\/","og_locale":"de_DE","og_type":"article","og_title":"Wir statten gewerbliche Projekte smart aus","og_description":"M\u00f6bel und Einrichtung, Lieferung und Installation mit ma\u00dfgeschneiderter KI-gest\u00fctzter Technologie zur Beschleunigung des Projektablaufs.","og_url":"https:\/\/occoprojects.com\/de\/uber-uns\/","og_site_name":"OCCO","article_modified_time":"2023-06-09T12:11:29+00:00","twitter_card":"summary_large_image","schema":{"@context":"https:\/\/schema.org","@graph":[{"@type":"WebPage","@id":"https:\/\/occoprojects.com\/de\/uber-uns\/","url":"https:\/\/occoprojects.com\/de\/uber-uns\/","name":"Wir statten gewerbliche Projekte smart aus","isPartOf":{"@id":"https:\/\/occoprojects.com\/de\/#website"},"datePublished":"2023-02-10T18:11:16+00:00","dateModified":"2023-06-09T12:11:29+00:00","description":"M\u00f6bel und Einrichtung, Lieferung und Installation mit ma\u00dfgeschneiderter KI-gest\u00fctzter Technologie zur Beschleunigung des Projektablaufs.","breadcrumb":{"@id":"https:\/\/occoprojects.com\/de\/uber-uns\/#breadcrumb"},"inLanguage":"de-DE","potentialAction":[{"@type":"ReadAction","target":["https:\/\/occoprojects.com\/de\/uber-uns\/"]}]},{"@type":"BreadcrumbList","@id":"https:\/\/occoprojects.com\/de\/uber-uns\/#breadcrumb","itemListElement":[{"@type":"ListItem","position":1,"name":"Home","item":"https:\/\/occoprojects.com\/de\/"},{"@type":"ListItem","position":2,"name":"\u00dcber uns"}]},{"@type":"WebSite","@id":"https:\/\/occoprojects.com\/de\/#website","url":"https:\/\/occoprojects.com\/de\/","name":"OCCO","description":"","potentialAction":[{"@type":"SearchAction","target":{"@type":"EntryPoint","urlTemplate":"https:\/\/occoprojects.com\/de\/?s={search_term_string}"},"query-input":{"@type":"PropertyValueSpecification","valueRequired":true,"valueName":"search_term_string"}}],"inLanguage":"de-DE"}]}},"_links":{"self":[{"href":"https:\/\/occoprojects.com\/de\/wp-json\/wp\/v2\/pages\/29442","targetHints":{"allow":["GET"]}}],"collection":[{"href":"https:\/\/occoprojects.com\/de\/wp-json\/wp\/v2\/pages"}],"about":[{"href":"https:\/\/occoprojects.com\/de\/wp-json\/wp\/v2\/types\/page"}],"author":[{"embeddable":true,"href":"https:\/\/occoprojects.com\/de\/wp-json\/wp\/v2\/users\/1"}],"replies":[{"embeddable":true,"href":"https:\/\/occoprojects.com\/de\/wp-json\/wp\/v2\/comments?post=29442"}],"version-history":[{"count":5,"href":"https:\/\/occoprojects.com\/de\/wp-json\/wp\/v2\/pages\/29442\/revisions"}],"predecessor-version":[{"id":29779,"href":"https:\/\/occoprojects.com\/de\/wp-json\/wp\/v2\/pages\/29442\/revisions\/29779"}],"wp:attachment":[{"href":"https:\/\/occoprojects.com\/de\/wp-json\/wp\/v2\/media?parent=29442"}],"curies":[{"name":"wp","href":"https:\/\/api.w.org\/{rel}","templated":true}]}}